{"id":209688,"date":"2025-04-19T12:45:36","date_gmt":"2025-04-19T12:45:36","guid":{"rendered":"https:\/\/toodiva.shop\/product\/hoschen-model-208967-gorteks\/"},"modified":"2025-05-02T20:00:26","modified_gmt":"2025-05-02T20:00:26","slug":"hoschen-model-208967-gorteks","status":"publish","type":"product","link":"https:\/\/toodiva.shop\/fr\/product\/hoschen-model-208967-gorteks\/","title":{"rendered":"H\u00f6schen model 208967 Gorteks"},"content":{"rendered":"<p>Klassische Slip aus T\u00fcll und Stoff, verziert mit Blumenspitze. Der Schritt des Slips ist aus OEKO-TEX zertifizierter Baumwolle gefertigt, wodurch sie angenehm und sicher f\u00fcr den Intimbereich sind. Der R\u00fccken des Slips zeichnet sich nicht unter der Kleidung ab, dank der doppelten T\u00fcllverarbeitung. Die Slips wurden in Polen entworfen und gen\u00e4ht.<\/p>\n","protected":false},"excerpt":{"rendered":"<div class='prod_data'>\n\t\t\t<strong>Baumwolle<\/strong> 7 % <br \/><strong>Elastan<\/strong> 5 % <br \/><strong>Polyamid<\/strong> 68 % <br \/><strong>Polyester<\/strong> 20 % <\/p>\n<table class='prod_table table table-striped table-bordered table-hover table-responsive'>\n<thead>\n<tr>\n<th>Gr\u00f6\u00dfe<\/th>\n<th>Breite der H\u00fcfte<\/th>\n<\/tr>\n<\/thead>\n<tr>\n<td><b>36<\/b><\/td>\n<td align='right'>91-94 cm<\/td>\n<\/tr>\n<tr>\n<td><b>38<\/b><\/td>\n<td align='right'>95-98 cm<\/td>\n<\/tr>\n<tr>\n<td><b>40<\/b><\/td>\n<td align='right'>99-102 cm<\/td>\n<\/tr>\n<tr>\n<td><b>42<\/b><\/td>\n<td align='right'>103-106 cm<\/td>\n<\/tr>\n<tr>\n<td><b>44<\/b><\/td>\n<td align='right'>107-110 cm<\/td>\n<\/tr>\n<tr>\n<td><b>46<\/b><\/td>\n<td align='right'>111-114 cm<\/td>\n<\/tr>\n<tr>\n<td><b>48<\/b><\/td>\n<td align='right'>115-118 cm<\/td>\n<\/tr>\n<\/table><\/div>\n","protected":false},"featured_media":209668,"comment_status":"open","ping_status":"closed","template":"","meta":{"om_disable_all_campaigns":false,"_uag_custom_page_level_css":"","site-sidebar-layout":"default","site-content-layout":"","ast-site-content-layout":"default","site-content-style":"default","site-sidebar-style":"default","ast-global-header-display":"","ast-banner-title-visibility":"","ast-main-header-display":"","ast-hfb-above-header-display":"","ast-hfb-below-header-display":"","ast-hfb-mobile-header-display":"","site-post-title":"","ast-breadcrumbs-content":"","ast-featured-img":"","footer-sml-layout":"","ast-disable-related-posts":"","theme-transparent-header-meta":"","adv-header-id-meta":"","stick-header-meta":"","header-above-stick-meta":"","header-main-stick-meta":"","header-below-stick-meta":"","astra-migrate-meta-layouts":"default","ast-page-background-enabled":"default","ast-page-background-meta":{"desktop":{"background-color":"var(--ast-global-color-4)","background-image":"","background-repeat":"repeat","background-position":"center center","background-size":"auto","background-attachment":"scroll","background-type":"","background-media":"","overlay-type":"","overlay-color":"","overlay-opacity":"","overlay-gradient":""},"tablet":{"background-color":"","background-image":"","background-repeat":"repeat","background-position":"center center","background-size":"auto","background-attachment":"scroll","background-type":"","background-media":"","overlay-type":"","overlay-color":"","overlay-opacity":"","overlay-gradient":""},"mobile":{"background-color":"","background-image":"","background-repeat":"repeat","background-position":"center center","background-size":"auto","background-attachment":"scroll","background-type":"","background-media":"","overlay-type":"","overlay-color":"","overlay-opacity":"","overlay-gradient":""}},"ast-content-background-meta":{"desktop":{"background-color":"var(--ast-global-color-5)","background-image":"","background-repeat":"repeat","background-position":"center center","background-size":"auto","background-attachment":"scroll","background-type":"","background-media":"","overlay-type":"","overlay-color":"","overlay-opacity":"","overlay-gradient":""},"tablet":{"background-color":"var(--ast-global-color-5)","background-image":"","background-repeat":"repeat","background-position":"center center","background-size":"auto","background-attachment":"scroll","background-type":"","background-media":"","overlay-type":"","overlay-color":"","overlay-opacity":"","overlay-gradient":""},"mobile":{"background-color":"var(--ast-global-color-5)","background-image":"","background-repeat":"repeat","background-position":"center center","background-size":"auto","background-attachment":"scroll","background-type":"","background-media":"","overlay-type":"","overlay-color":"","overlay-opacity":"","overlay-gradient":""}}},"product_brand":[],"product_cat":[305],"product_tag":[],"class_list":{"0":"post-209688","1":"product","2":"type-product","3":"status-publish","4":"has-post-thumbnail","6":"product_cat-briefs","7":"desktop-align-left","8":"tablet-align-left","9":"mobile-align-left","11":"first","12":"instock","13":"taxable","14":"shipping-taxable","15":"purchasable","16":"product-type-variable","17":"has-default-attributes"},"aioseo_notices":[],"uagb_featured_image_src":{"full":["https:\/\/toodiva.shop\/wp-content\/uploads\/2025\/04\/custom900x1200_1065811.jpg",900,1200,false],"thumbnail":["https:\/\/toodiva.shop\/wp-content\/uploads\/2025\/04\/custom900x1200_1065811-150x150.jpg",150,150,true],"medium":["https:\/\/toodiva.shop\/wp-content\/uploads\/2025\/04\/custom900x1200_1065811-225x300.jpg",225,300,true],"medium_large":["https:\/\/toodiva.shop\/wp-content\/uploads\/2025\/04\/custom900x1200_1065811-768x1024.jpg",768,1024,true],"large":["https:\/\/toodiva.shop\/wp-content\/uploads\/2025\/04\/custom900x1200_1065811-768x1024.jpg",768,1024,true],"1536x1536":["https:\/\/toodiva.shop\/wp-content\/uploads\/2025\/04\/custom900x1200_1065811.jpg",900,1200,false],"2048x2048":["https:\/\/toodiva.shop\/wp-content\/uploads\/2025\/04\/custom900x1200_1065811.jpg",900,1200,false],"woocommerce_thumbnail":["https:\/\/toodiva.shop\/wp-content\/uploads\/2025\/04\/custom900x1200_1065811-300x400.jpg",300,400,true],"woocommerce_single":["https:\/\/toodiva.shop\/wp-content\/uploads\/2025\/04\/custom900x1200_1065811-600x800.jpg",600,800,true],"woocommerce_gallery_thumbnail":["https:\/\/toodiva.shop\/wp-content\/uploads\/2025\/04\/custom900x1200_1065811-100x100.jpg",100,100,true]},"uagb_author_info":{"display_name":"Too Diva","author_link":"https:\/\/toodiva.shop\/fr\/author\/"},"uagb_comment_info":0,"uagb_excerpt":"Baumwolle 7 % Elastan 5 % Polyamid 68 % Polyester 20 % Gr\u00f6\u00dfeBreite der H\u00fcfte 3691-94 cm3895-98 cm4099-102 cm42103-106 cm44107-110 cm46111-114 cm48115-118 cm","_links":{"self":[{"href":"https:\/\/toodiva.shop\/fr\/wp-json\/wp\/v2\/product\/209688","targetHints":{"allow":["GET"]}}],"collection":[{"href":"https:\/\/toodiva.shop\/fr\/wp-json\/wp\/v2\/product"}],"about":[{"href":"https:\/\/toodiva.shop\/fr\/wp-json\/wp\/v2\/types\/product"}],"replies":[{"embeddable":true,"href":"https:\/\/toodiva.shop\/fr\/wp-json\/wp\/v2\/comments?post=209688"}],"wp:featuredmedia":[{"embeddable":true,"href":"https:\/\/toodiva.shop\/fr\/wp-json\/wp\/v2\/media\/209668"}],"wp:attachment":[{"href":"https:\/\/toodiva.shop\/fr\/wp-json\/wp\/v2\/media?parent=209688"}],"wp:term":[{"taxonomy":"product_brand","embeddable":true,"href":"https:\/\/toodiva.shop\/fr\/wp-json\/wp\/v2\/product_brand?post=209688"},{"taxonomy":"product_cat","embeddable":true,"href":"https:\/\/toodiva.shop\/fr\/wp-json\/wp\/v2\/product_cat?post=209688"},{"taxonomy":"product_tag","embeddable":true,"href":"https:\/\/toodiva.shop\/fr\/wp-json\/wp\/v2\/product_tag?post=209688"}],"curies":[{"name":"wp","href":"https:\/\/api.w.org\/{rel}","templated":true}]}}