{"id":289676,"date":"2025-05-03T09:23:27","date_gmt":"2025-05-03T09:23:27","guid":{"rendered":"https:\/\/toodiva.shop\/product\/bathrobe-model-203215-ll-collection\/"},"modified":"2025-05-03T14:32:34","modified_gmt":"2025-05-03T14:32:34","slug":"bathrobe-model-203215-ll-collection","status":"publish","type":"product","link":"https:\/\/toodiva.shop\/es\/product\/bathrobe-model-203215-ll-collection\/","title":{"rendered":"Bathrobe model 203215 L&amp;L collection"},"content":{"rendered":"<p>Damski szlafrok z kapturem, wykonany z wysokiej jako\u015bci pikowanego materia\u0142u, idealny na co dzie\u0144 jako wygodny homewear. Model o d\u0142ugo\u015bci za kolano ma lu\u017any, komfortowy kr\u00f3j, kt\u00f3ry zapewnia swobod\u0119 ruch\u00f3w i wyj\u0105tkowy komfort noszenia. Szlafrok posiada d\u0142ugie r\u0119kawy zako\u0144czone mankietami oraz praktyczne kieszenie po bokach, kt\u00f3re dodaj\u0105 mu funkcjonalno\u015bci. Wi\u0105zanie w pasie pozwala na idealne dopasowanie do sylwetki. Zapakowany w elegancki woreczek, doskonale sprawdzi si\u0119 r\u00f3wnie\u017c jako prezent. Zaprojektowany i uszyty w Polsce, wyr\u00f3\u017cnia si\u0119 starannym wykonaniem oraz dba\u0142o\u015bci\u0105 o ka\u017cdy szczeg\u00f3\u0142.<\/p>\n","protected":false},"excerpt":{"rendered":"<div class='prod_data'>\n\t\t\t<strong>Polyester<\/strong> 100 % <\/p>\n<table class='prod_table table table-striped table-bordered table-hover table-responsive'>\n<thead>\n<tr>\n<th>Size<\/th>\n<th>Hips<\/th>\n<th>Chest<\/th>\n<\/tr>\n<\/thead>\n<tr>\n<td><b>L<\/b><\/td>\n<td align='right'>107-110 cm<\/td>\n<td align='right'>99-102 cm<\/td>\n<\/tr>\n<tr>\n<td><b>M<\/b><\/td>\n<td align='right'>103-106 cm<\/td>\n<td align='right'>95-98 cm<\/td>\n<\/tr>\n<tr>\n<td><b>S<\/b><\/td>\n<td align='right'>99-102 cm<\/td>\n<td align='right'>91-94 cm<\/td>\n<\/tr>\n<tr>\n<td><b>XL<\/b><\/td>\n<td align='right'>111-114 cm<\/td>\n<td align='right'>103-106 cm<\/td>\n<\/tr>\n<\/table><\/div>\n","protected":false},"featured_media":289661,"comment_status":"open","ping_status":"closed","template":"","meta":{"om_disable_all_campaigns":false,"_uag_custom_page_level_css":"","site-sidebar-layout":"default","site-content-layout":"","ast-site-content-layout":"default","site-content-style":"default","site-sidebar-style":"default","ast-global-header-display":"","ast-banner-title-visibility":"","ast-main-header-display":"","ast-hfb-above-header-display":"","ast-hfb-below-header-display":"","ast-hfb-mobile-header-display":"","site-post-title":"","ast-breadcrumbs-content":"","ast-featured-img":"","footer-sml-layout":"","ast-disable-related-posts":"","theme-transparent-header-meta":"","adv-header-id-meta":"","stick-header-meta":"","header-above-stick-meta":"","header-main-stick-meta":"","header-below-stick-meta":"","astra-migrate-meta-layouts":"default","ast-page-background-enabled":"default","ast-page-background-meta":{"desktop":{"background-color":"var(--ast-global-color-4)","background-image":"","background-repeat":"repeat","background-position":"center center","background-size":"auto","background-attachment":"scroll","background-type":"","background-media":"","overlay-type":"","overlay-color":"","overlay-opacity":"","overlay-gradient":""},"tablet":{"background-color":"","background-image":"","background-repeat":"repeat","background-position":"center center","background-size":"auto","background-attachment":"scroll","background-type":"","background-media":"","overlay-type":"","overlay-color":"","overlay-opacity":"","overlay-gradient":""},"mobile":{"background-color":"","background-image":"","background-repeat":"repeat","background-position":"center center","background-size":"auto","background-attachment":"scroll","background-type":"","background-media":"","overlay-type":"","overlay-color":"","overlay-opacity":"","overlay-gradient":""}},"ast-content-background-meta":{"desktop":{"background-color":"var(--ast-global-color-5)","background-image":"","background-repeat":"repeat","background-position":"center center","background-size":"auto","background-attachment":"scroll","background-type":"","background-media":"","overlay-type":"","overlay-color":"","overlay-opacity":"","overlay-gradient":""},"tablet":{"background-color":"var(--ast-global-color-5)","background-image":"","background-repeat":"repeat","background-position":"center center","background-size":"auto","background-attachment":"scroll","background-type":"","background-media":"","overlay-type":"","overlay-color":"","overlay-opacity":"","overlay-gradient":""},"mobile":{"background-color":"var(--ast-global-color-5)","background-image":"","background-repeat":"repeat","background-position":"center center","background-size":"auto","background-attachment":"scroll","background-type":"","background-media":"","overlay-type":"","overlay-color":"","overlay-opacity":"","overlay-gradient":""}}},"product_brand":[],"product_cat":[303],"product_tag":[],"class_list":{"0":"post-289676","1":"product","2":"type-product","3":"status-publish","4":"has-post-thumbnail","6":"product_cat-dressing-gowns-bathrobes-for-women","7":"desktop-align-left","8":"tablet-align-left","9":"mobile-align-left","11":"first","12":"outofstock","13":"taxable","14":"shipping-taxable","15":"purchasable","16":"product-type-variable","17":"has-default-attributes"},"aioseo_notices":[],"uagb_featured_image_src":{"full":["https:\/\/toodiva.shop\/wp-content\/uploads\/2025\/05\/custom900x1200_1048264.jpg",900,1200,false],"thumbnail":["https:\/\/toodiva.shop\/wp-content\/uploads\/2025\/05\/custom900x1200_1048264-150x150.jpg",150,150,true],"medium":["https:\/\/toodiva.shop\/wp-content\/uploads\/2025\/05\/custom900x1200_1048264-225x300.jpg",225,300,true],"medium_large":["https:\/\/toodiva.shop\/wp-content\/uploads\/2025\/05\/custom900x1200_1048264-768x1024.jpg",768,1024,true],"large":["https:\/\/toodiva.shop\/wp-content\/uploads\/2025\/05\/custom900x1200_1048264-768x1024.jpg",768,1024,true],"1536x1536":["https:\/\/toodiva.shop\/wp-content\/uploads\/2025\/05\/custom900x1200_1048264.jpg",900,1200,false],"2048x2048":["https:\/\/toodiva.shop\/wp-content\/uploads\/2025\/05\/custom900x1200_1048264.jpg",900,1200,false],"woocommerce_thumbnail":["https:\/\/toodiva.shop\/wp-content\/uploads\/2025\/05\/custom900x1200_1048264-300x400.jpg",300,400,true],"woocommerce_single":["https:\/\/toodiva.shop\/wp-content\/uploads\/2025\/05\/custom900x1200_1048264-600x800.jpg",600,800,true],"woocommerce_gallery_thumbnail":["https:\/\/toodiva.shop\/wp-content\/uploads\/2025\/05\/custom900x1200_1048264-100x100.jpg",100,100,true]},"uagb_author_info":{"display_name":"Too Diva","author_link":"https:\/\/toodiva.shop\/es\/author\/"},"uagb_comment_info":0,"uagb_excerpt":"Polyester 100 % SizeHipsChest L107-110 cm99-102 cmM103-106 cm95-98 cmS99-102 cm91-94 cmXL111-114 cm103-106 cm","_links":{"self":[{"href":"https:\/\/toodiva.shop\/es\/wp-json\/wp\/v2\/product\/289676","targetHints":{"allow":["GET"]}}],"collection":[{"href":"https:\/\/toodiva.shop\/es\/wp-json\/wp\/v2\/product"}],"about":[{"href":"https:\/\/toodiva.shop\/es\/wp-json\/wp\/v2\/types\/product"}],"replies":[{"embeddable":true,"href":"https:\/\/toodiva.shop\/es\/wp-json\/wp\/v2\/comments?post=289676"}],"wp:featuredmedia":[{"embeddable":true,"href":"https:\/\/toodiva.shop\/es\/wp-json\/wp\/v2\/media\/289661"}],"wp:attachment":[{"href":"https:\/\/toodiva.shop\/es\/wp-json\/wp\/v2\/media?parent=289676"}],"wp:term":[{"taxonomy":"product_brand","embeddable":true,"href":"https:\/\/toodiva.shop\/es\/wp-json\/wp\/v2\/product_brand?post=289676"},{"taxonomy":"product_cat","embeddable":true,"href":"https:\/\/toodiva.shop\/es\/wp-json\/wp\/v2\/product_cat?post=289676"},{"taxonomy":"product_tag","embeddable":true,"href":"https:\/\/toodiva.shop\/es\/wp-json\/wp\/v2\/product_tag?post=289676"}],"curies":[{"name":"wp","href":"https:\/\/api.w.org\/{rel}","templated":true}]}}