{"id":274466,"date":"2025-04-30T17:39:18","date_gmt":"2025-04-30T17:39:18","guid":{"rendered":"https:\/\/toodiva.shop\/product\/daydress-model-181080-roco-fashion\/"},"modified":"2025-05-01T10:33:58","modified_gmt":"2025-05-01T10:33:58","slug":"daydress-model-181080-roco-fashion","status":"publish","type":"product","link":"https:\/\/toodiva.shop\/es\/product\/daydress-model-181080-roco-fashion\/","title":{"rendered":"Daydress model 181080 Roco Fashion"},"content":{"rendered":"<p>Sukienka posiada elastyczn\u0105 gumk\u0119 w pasie, kt\u00f3ra \u0142adnie podkre\u015bli okolice talii. Wszyta gumka przy dekolcie hamuje spadanie z ramion. D\u00f3\u0142 wyko\u0144czony dwupoziomow\u0105 falban\u0105, kt\u00f3ra nadaje lekko\u015bci i dziewcz\u0119cego uroku. Falbana przy dekolcie nachodzi tak\u017ce na ramiona i plecy. Stylowe, a zarazem eleganckie d\u0142ugie r\u0119kawy tak\u017ce wyko\u0144czone s\u0105 ozdobn\u0105 falban\u0105 przy d\u0142oniach. D\u0142ugo\u015b\u0107 kreacji pi\u0119knie wyeksponuje nogi. Sukienka hiszpanka doskonale sprawdzi si\u0119 w imprezowym looku z butami na szpilce, jak i w bardziej codziennej stylizacji zak\u0142adaj\u0105c trampki. Bi\u017cuteria i starannie dobrana galanteria dope\u0142ni\u0105 ca\u0142o\u015b\u0107. Produkt jest wyprodukowany i uszyty w Polsce.<\/p>\n","protected":false},"excerpt":{"rendered":"<div class='prod_data'>\n\t\t\t<strong>Polyester<\/strong> 100 % <\/p>\n<table class='prod_table table table-striped table-bordered table-hover table-responsive'>\n<thead>\n<tr>\n<th>Size<\/th>\n<th>Hips<\/th>\n<th>Chest<\/th>\n<th>Waist<\/th>\n<\/tr>\n<\/thead>\n<tr>\n<td><b>36<\/b><\/td>\n<td align='right'>94 cm<\/td>\n<td align='right'>88 cm<\/td>\n<td align='right'>68 cm<\/td>\n<\/tr>\n<tr>\n<td><b>38<\/b><\/td>\n<td align='right'>98 cm<\/td>\n<td align='right'>92 cm<\/td>\n<td align='right'>72 cm<\/td>\n<\/tr>\n<tr>\n<td><b>40<\/b><\/td>\n<td align='right'>102 cm<\/td>\n<td align='right'>96 cm<\/td>\n<td align='right'>78 cm<\/td>\n<\/tr>\n<\/table><\/div>\n","protected":false},"featured_media":276728,"comment_status":"open","ping_status":"closed","template":"","meta":{"om_disable_all_campaigns":false,"_uag_custom_page_level_css":"","site-sidebar-layout":"default","site-content-layout":"","ast-site-content-layout":"default","site-content-style":"default","site-sidebar-style":"default","ast-global-header-display":"","ast-banner-title-visibility":"","ast-main-header-display":"","ast-hfb-above-header-display":"","ast-hfb-below-header-display":"","ast-hfb-mobile-header-display":"","site-post-title":"","ast-breadcrumbs-content":"","ast-featured-img":"","footer-sml-layout":"","ast-disable-related-posts":"","theme-transparent-header-meta":"","adv-header-id-meta":"","stick-header-meta":"","header-above-stick-meta":"","header-main-stick-meta":"","header-below-stick-meta":"","astra-migrate-meta-layouts":"default","ast-page-background-enabled":"default","ast-page-background-meta":{"desktop":{"background-color":"var(--ast-global-color-4)","background-image":"","background-repeat":"repeat","background-position":"center center","background-size":"auto","background-attachment":"scroll","background-type":"","background-media":"","overlay-type":"","overlay-color":"","overlay-opacity":"","overlay-gradient":""},"tablet":{"background-color":"","background-image":"","background-repeat":"repeat","background-position":"center center","background-size":"auto","background-attachment":"scroll","background-type":"","background-media":"","overlay-type":"","overlay-color":"","overlay-opacity":"","overlay-gradient":""},"mobile":{"background-color":"","background-image":"","background-repeat":"repeat","background-position":"center center","background-size":"auto","background-attachment":"scroll","background-type":"","background-media":"","overlay-type":"","overlay-color":"","overlay-opacity":"","overlay-gradient":""}},"ast-content-background-meta":{"desktop":{"background-color":"var(--ast-global-color-5)","background-image":"","background-repeat":"repeat","background-position":"center center","background-size":"auto","background-attachment":"scroll","background-type":"","background-media":"","overlay-type":"","overlay-color":"","overlay-opacity":"","overlay-gradient":""},"tablet":{"background-color":"var(--ast-global-color-5)","background-image":"","background-repeat":"repeat","background-position":"center center","background-size":"auto","background-attachment":"scroll","background-type":"","background-media":"","overlay-type":"","overlay-color":"","overlay-opacity":"","overlay-gradient":""},"mobile":{"background-color":"var(--ast-global-color-5)","background-image":"","background-repeat":"repeat","background-position":"center center","background-size":"auto","background-attachment":"scroll","background-type":"","background-media":"","overlay-type":"","overlay-color":"","overlay-opacity":"","overlay-gradient":""}}},"product_brand":[],"product_cat":[577],"product_tag":[],"class_list":{"0":"post-274466","1":"product","2":"type-product","3":"status-publish","4":"has-post-thumbnail","6":"product_cat-day-dresses","7":"desktop-align-left","8":"tablet-align-left","9":"mobile-align-left","11":"first","12":"outofstock","13":"taxable","14":"shipping-taxable","15":"purchasable","16":"product-type-variable","17":"has-default-attributes"},"aioseo_notices":[],"uagb_featured_image_src":{"full":["https:\/\/toodiva.shop\/wp-content\/uploads\/2025\/04\/custom900x1200_982457-1.jpg",900,1200,false],"thumbnail":["https:\/\/toodiva.shop\/wp-content\/uploads\/2025\/04\/custom900x1200_982457-1-150x150.jpg",150,150,true],"medium":["https:\/\/toodiva.shop\/wp-content\/uploads\/2025\/04\/custom900x1200_982457-1-225x300.jpg",225,300,true],"medium_large":["https:\/\/toodiva.shop\/wp-content\/uploads\/2025\/04\/custom900x1200_982457-1-768x1024.jpg",768,1024,true],"large":["https:\/\/toodiva.shop\/wp-content\/uploads\/2025\/04\/custom900x1200_982457-1-768x1024.jpg",768,1024,true],"1536x1536":["https:\/\/toodiva.shop\/wp-content\/uploads\/2025\/04\/custom900x1200_982457-1.jpg",900,1200,false],"2048x2048":["https:\/\/toodiva.shop\/wp-content\/uploads\/2025\/04\/custom900x1200_982457-1.jpg",900,1200,false],"woocommerce_thumbnail":["https:\/\/toodiva.shop\/wp-content\/uploads\/2025\/04\/custom900x1200_982457-1-300x400.jpg",300,400,true],"woocommerce_single":["https:\/\/toodiva.shop\/wp-content\/uploads\/2025\/04\/custom900x1200_982457-1-600x800.jpg",600,800,true],"woocommerce_gallery_thumbnail":["https:\/\/toodiva.shop\/wp-content\/uploads\/2025\/04\/custom900x1200_982457-1-100x100.jpg",100,100,true]},"uagb_author_info":{"display_name":"Too Diva","author_link":"https:\/\/toodiva.shop\/es\/author\/"},"uagb_comment_info":0,"uagb_excerpt":"Polyester 100 % SizeHipsChestWaist 3694 cm88 cm68 cm3898 cm92 cm72 cm40102 cm96 cm78 cm","_links":{"self":[{"href":"https:\/\/toodiva.shop\/es\/wp-json\/wp\/v2\/product\/274466","targetHints":{"allow":["GET"]}}],"collection":[{"href":"https:\/\/toodiva.shop\/es\/wp-json\/wp\/v2\/product"}],"about":[{"href":"https:\/\/toodiva.shop\/es\/wp-json\/wp\/v2\/types\/product"}],"replies":[{"embeddable":true,"href":"https:\/\/toodiva.shop\/es\/wp-json\/wp\/v2\/comments?post=274466"}],"wp:featuredmedia":[{"embeddable":true,"href":"https:\/\/toodiva.shop\/es\/wp-json\/wp\/v2\/media\/276728"}],"wp:attachment":[{"href":"https:\/\/toodiva.shop\/es\/wp-json\/wp\/v2\/media?parent=274466"}],"wp:term":[{"taxonomy":"product_brand","embeddable":true,"href":"https:\/\/toodiva.shop\/es\/wp-json\/wp\/v2\/product_brand?post=274466"},{"taxonomy":"product_cat","embeddable":true,"href":"https:\/\/toodiva.shop\/es\/wp-json\/wp\/v2\/product_cat?post=274466"},{"taxonomy":"product_tag","embeddable":true,"href":"https:\/\/toodiva.shop\/es\/wp-json\/wp\/v2\/product_tag?post=274466"}],"curies":[{"name":"wp","href":"https:\/\/api.w.org\/{rel}","templated":true}]}}