{"id":264600,"date":"2025-04-30T05:05:36","date_gmt":"2025-04-30T05:05:36","guid":{"rendered":"https:\/\/toodiva.shop\/product\/soft-model-204201-mat\/"},"modified":"2025-06-24T02:22:43","modified_gmt":"2025-06-24T02:22:43","slug":"soft-model-204201-mat","status":"publish","type":"product","link":"https:\/\/toodiva.shop\/es\/product\/soft-model-204201-mat\/","title":{"rendered":"Soft model 204201 Mat"},"content":{"rendered":"<p>Mi\u0119kki biustonosz Pure typu soft w kolorze szarym. Model nie posiada fiszbin. Tr\u00f3jk\u0105tne miseczki, wykonane z koronki. Obw\u00f3d wykonany z ta\u015bmy elastycznej z obni\u017conym spodem z koronki. Rami\u0105czka nieodpinane, regulowane. \u0141\u0105czenie miseczek ozdobione kokardk\u0105. Model nie posiada haftek ? jest wk\u0142adany przez g\u0142ow\u0119.<\/p>\n","protected":false},"excerpt":{"rendered":"<div class='prod_data'>\n\t\t\t<strong>Spandex<\/strong> 15 % <br \/><strong>polyamide<\/strong> 85 % <\/p>\n<table class='prod_table table table-striped table-bordered table-hover table-responsive'>\n<thead>\n<tr>\n<th>Size<\/th>\n<th>Chest<\/th>\n<\/tr>\n<\/thead>\n<tr>\n<td><b>36<\/b><\/td>\n<td align='right'>82-90 cm<\/td>\n<\/tr>\n<tr>\n<td><b>38<\/b><\/td>\n<td align='right'>90-98 cm<\/td>\n<\/tr>\n<tr>\n<td><b>40<\/b><\/td>\n<td align='right'>98-107 cm<\/td>\n<\/tr>\n<tr>\n<td><b>42<\/b><\/td>\n<td align='right'>107-119 cm<\/td>\n<\/tr>\n<\/table><\/div>\n","protected":false},"featured_media":264799,"comment_status":"open","ping_status":"closed","template":"","meta":{"om_disable_all_campaigns":false,"_uag_custom_page_level_css":"","site-sidebar-layout":"default","site-content-layout":"","ast-site-content-layout":"default","site-content-style":"default","site-sidebar-style":"default","ast-global-header-display":"","ast-banner-title-visibility":"","ast-main-header-display":"","ast-hfb-above-header-display":"","ast-hfb-below-header-display":"","ast-hfb-mobile-header-display":"","site-post-title":"","ast-breadcrumbs-content":"","ast-featured-img":"","footer-sml-layout":"","ast-disable-related-posts":"","theme-transparent-header-meta":"","adv-header-id-meta":"","stick-header-meta":"","header-above-stick-meta":"","header-main-stick-meta":"","header-below-stick-meta":"","astra-migrate-meta-layouts":"default","ast-page-background-enabled":"default","ast-page-background-meta":{"desktop":{"background-color":"var(--ast-global-color-4)","background-image":"","background-repeat":"repeat","background-position":"center center","background-size":"auto","background-attachment":"scroll","background-type":"","background-media":"","overlay-type":"","overlay-color":"","overlay-opacity":"","overlay-gradient":""},"tablet":{"background-color":"","background-image":"","background-repeat":"repeat","background-position":"center center","background-size":"auto","background-attachment":"scroll","background-type":"","background-media":"","overlay-type":"","overlay-color":"","overlay-opacity":"","overlay-gradient":""},"mobile":{"background-color":"","background-image":"","background-repeat":"repeat","background-position":"center center","background-size":"auto","background-attachment":"scroll","background-type":"","background-media":"","overlay-type":"","overlay-color":"","overlay-opacity":"","overlay-gradient":""}},"ast-content-background-meta":{"desktop":{"background-color":"var(--ast-global-color-5)","background-image":"","background-repeat":"repeat","background-position":"center center","background-size":"auto","background-attachment":"scroll","background-type":"","background-media":"","overlay-type":"","overlay-color":"","overlay-opacity":"","overlay-gradient":""},"tablet":{"background-color":"var(--ast-global-color-5)","background-image":"","background-repeat":"repeat","background-position":"center center","background-size":"auto","background-attachment":"scroll","background-type":"","background-media":"","overlay-type":"","overlay-color":"","overlay-opacity":"","overlay-gradient":""},"mobile":{"background-color":"var(--ast-global-color-5)","background-image":"","background-repeat":"repeat","background-position":"center center","background-size":"auto","background-attachment":"scroll","background-type":"","background-media":"","overlay-type":"","overlay-color":"","overlay-opacity":"","overlay-gradient":""}}},"product_brand":[],"product_cat":[302],"product_tag":[],"class_list":{"0":"post-264600","1":"product","2":"type-product","3":"status-publish","4":"has-post-thumbnail","6":"product_cat-soft-bras-semi-soft-bras","7":"desktop-align-left","8":"tablet-align-left","9":"mobile-align-left","11":"first","12":"instock","13":"taxable","14":"shipping-taxable","15":"purchasable","16":"product-type-variable","17":"has-default-attributes"},"aioseo_notices":[],"uagb_featured_image_src":{"full":["https:\/\/toodiva.shop\/wp-content\/uploads\/2025\/04\/custom900x1200_1051286-1.jpg",900,1200,false],"thumbnail":["https:\/\/toodiva.shop\/wp-content\/uploads\/2025\/04\/custom900x1200_1051286-1-150x150.jpg",150,150,true],"medium":["https:\/\/toodiva.shop\/wp-content\/uploads\/2025\/04\/custom900x1200_1051286-1-225x300.jpg",225,300,true],"medium_large":["https:\/\/toodiva.shop\/wp-content\/uploads\/2025\/04\/custom900x1200_1051286-1-768x1024.jpg",768,1024,true],"large":["https:\/\/toodiva.shop\/wp-content\/uploads\/2025\/04\/custom900x1200_1051286-1-768x1024.jpg",768,1024,true],"1536x1536":["https:\/\/toodiva.shop\/wp-content\/uploads\/2025\/04\/custom900x1200_1051286-1.jpg",900,1200,false],"2048x2048":["https:\/\/toodiva.shop\/wp-content\/uploads\/2025\/04\/custom900x1200_1051286-1.jpg",900,1200,false],"woocommerce_thumbnail":["https:\/\/toodiva.shop\/wp-content\/uploads\/2025\/04\/custom900x1200_1051286-1-300x400.jpg",300,400,true],"woocommerce_single":["https:\/\/toodiva.shop\/wp-content\/uploads\/2025\/04\/custom900x1200_1051286-1-600x800.jpg",600,800,true],"woocommerce_gallery_thumbnail":["https:\/\/toodiva.shop\/wp-content\/uploads\/2025\/04\/custom900x1200_1051286-1-100x100.jpg",100,100,true]},"uagb_author_info":{"display_name":"Too Diva","author_link":"https:\/\/toodiva.shop\/es\/author\/"},"uagb_comment_info":0,"uagb_excerpt":"Spandex 15 % polyamide 85 % SizeChest 3682-90 cm3890-98 cm4098-107 cm42107-119 cm","_links":{"self":[{"href":"https:\/\/toodiva.shop\/es\/wp-json\/wp\/v2\/product\/264600","targetHints":{"allow":["GET"]}}],"collection":[{"href":"https:\/\/toodiva.shop\/es\/wp-json\/wp\/v2\/product"}],"about":[{"href":"https:\/\/toodiva.shop\/es\/wp-json\/wp\/v2\/types\/product"}],"replies":[{"embeddable":true,"href":"https:\/\/toodiva.shop\/es\/wp-json\/wp\/v2\/comments?post=264600"}],"wp:featuredmedia":[{"embeddable":true,"href":"https:\/\/toodiva.shop\/es\/wp-json\/wp\/v2\/media\/264799"}],"wp:attachment":[{"href":"https:\/\/toodiva.shop\/es\/wp-json\/wp\/v2\/media?parent=264600"}],"wp:term":[{"taxonomy":"product_brand","embeddable":true,"href":"https:\/\/toodiva.shop\/es\/wp-json\/wp\/v2\/product_brand?post=264600"},{"taxonomy":"product_cat","embeddable":true,"href":"https:\/\/toodiva.shop\/es\/wp-json\/wp\/v2\/product_cat?post=264600"},{"taxonomy":"product_tag","embeddable":true,"href":"https:\/\/toodiva.shop\/es\/wp-json\/wp\/v2\/product_tag?post=264600"}],"curies":[{"name":"wp","href":"https:\/\/api.w.org\/{rel}","templated":true}]}}