{"id":255166,"date":"2025-04-29T21:09:26","date_gmt":"2025-04-29T21:09:26","guid":{"rendered":"https:\/\/toodiva.shop\/product\/pyjama-model-203468-donna\/"},"modified":"2025-04-30T15:20:13","modified_gmt":"2025-04-30T15:20:13","slug":"pyjama-model-203468-donna","status":"publish","type":"product","link":"https:\/\/toodiva.shop\/es\/product\/pyjama-model-203468-donna\/","title":{"rendered":"Pyjama model 203468 Donna"},"content":{"rendered":"<p>Damska pi\u017cama o \u015bwi\u0105tecznym charakterze, kt\u00f3ra sprawdzi si\u0119 zar\u00f3wno do snu, jak i jako wygodny homewear na zimowe dni. Bluzka z d\u0142ugim r\u0119kawem i dekoltem typu V zapewnia komfort i delikatnie podkre\u015bla dekolt. Uszyta z mi\u0119kkiej, przewiewnej tkaniny, kt\u00f3ra pozwala sk\u00f3rze oddycha\u0107 i zapewnia maksymaln\u0105 wygod\u0119 noszenia. D\u0142ugie spodnie ozdobione \u015bwi\u0105tecznym nadrukiem, wyko\u0144czone \u015bci\u0105gaczem przy nogawkach, posiadaj\u0105 elastyczn\u0105 gumk\u0119 i subteln\u0105 kokardk\u0119 w pasie, dzi\u0119ki czemu dobrze dopasowuj\u0105 si\u0119 do sylwetki. Spodnie s\u0105 pozbawione kieszeni, co podkre\u015bla ich lekki, minimalistyczny styl. Ca\u0142o\u015b\u0107 zosta\u0142a zaprojektowana i uszyta w Polsce, co \u015bwiadczy o wysokiej jako\u015bci wykonania i dba\u0142o\u015bci o detale.<\/p>\n","protected":false},"excerpt":{"rendered":"<div class='prod_data'>\n\t\t\t<strong>Cotton<\/strong> 100 % <\/p>\n<table class='prod_table table table-striped table-bordered table-hover table-responsive'>\n<thead>\n<tr>\n<th>Size<\/th>\n<th>Hips<\/th>\n<th>Chest<\/th>\n<th>Waist<\/th>\n<\/tr>\n<\/thead>\n<tr>\n<td><b>36<\/b><\/td>\n<td align='right'>90-94 cm<\/td>\n<td align='right'>88-92 cm<\/td>\n<td align='right'>68-72 cm<\/td>\n<\/tr>\n<tr>\n<td><b>38<\/b><\/td>\n<td align='right'>94-98 cm<\/td>\n<td align='right'>92-96 cm<\/td>\n<td align='right'>72-76 cm<\/td>\n<\/tr>\n<tr>\n<td><b>40<\/b><\/td>\n<td align='right'>98-102 cm<\/td>\n<td align='right'>96-100 cm<\/td>\n<td align='right'>76-80 cm<\/td>\n<\/tr>\n<tr>\n<td><b>42<\/b><\/td>\n<td align='right'>102-106 cm<\/td>\n<td align='right'>100-104 cm<\/td>\n<td align='right'>80-84 cm<\/td>\n<\/tr>\n<tr>\n<td><b>44<\/b><\/td>\n<td align='right'>106-110 cm<\/td>\n<td align='right'>104-108 cm<\/td>\n<td align='right'>84-88 cm<\/td>\n<\/tr>\n<\/table><\/div>\n","protected":false},"featured_media":255150,"comment_status":"open","ping_status":"closed","template":"","meta":{"om_disable_all_campaigns":false,"_uag_custom_page_level_css":"","site-sidebar-layout":"default","site-content-layout":"","ast-site-content-layout":"default","site-content-style":"default","site-sidebar-style":"default","ast-global-header-display":"","ast-banner-title-visibility":"","ast-main-header-display":"","ast-hfb-above-header-display":"","ast-hfb-below-header-display":"","ast-hfb-mobile-header-display":"","site-post-title":"","ast-breadcrumbs-content":"","ast-featured-img":"","footer-sml-layout":"","ast-disable-related-posts":"","theme-transparent-header-meta":"","adv-header-id-meta":"","stick-header-meta":"","header-above-stick-meta":"","header-main-stick-meta":"","header-below-stick-meta":"","astra-migrate-meta-layouts":"default","ast-page-background-enabled":"default","ast-page-background-meta":{"desktop":{"background-color":"var(--ast-global-color-4)","background-image":"","background-repeat":"repeat","background-position":"center center","background-size":"auto","background-attachment":"scroll","background-type":"","background-media":"","overlay-type":"","overlay-color":"","overlay-opacity":"","overlay-gradient":""},"tablet":{"background-color":"","background-image":"","background-repeat":"repeat","background-position":"center center","background-size":"auto","background-attachment":"scroll","background-type":"","background-media":"","overlay-type":"","overlay-color":"","overlay-opacity":"","overlay-gradient":""},"mobile":{"background-color":"","background-image":"","background-repeat":"repeat","background-position":"center center","background-size":"auto","background-attachment":"scroll","background-type":"","background-media":"","overlay-type":"","overlay-color":"","overlay-opacity":"","overlay-gradient":""}},"ast-content-background-meta":{"desktop":{"background-color":"var(--ast-global-color-5)","background-image":"","background-repeat":"repeat","background-position":"center center","background-size":"auto","background-attachment":"scroll","background-type":"","background-media":"","overlay-type":"","overlay-color":"","overlay-opacity":"","overlay-gradient":""},"tablet":{"background-color":"var(--ast-global-color-5)","background-image":"","background-repeat":"repeat","background-position":"center center","background-size":"auto","background-attachment":"scroll","background-type":"","background-media":"","overlay-type":"","overlay-color":"","overlay-opacity":"","overlay-gradient":""},"mobile":{"background-color":"var(--ast-global-color-5)","background-image":"","background-repeat":"repeat","background-position":"center center","background-size":"auto","background-attachment":"scroll","background-type":"","background-media":"","overlay-type":"","overlay-color":"","overlay-opacity":"","overlay-gradient":""}}},"product_brand":[],"product_cat":[295],"product_tag":[],"class_list":{"0":"post-255166","1":"product","2":"type-product","3":"status-publish","4":"has-post-thumbnail","6":"product_cat-womens-pyjamas-sleepwear-sets","7":"desktop-align-left","8":"tablet-align-left","9":"mobile-align-left","11":"first","12":"instock","13":"taxable","14":"shipping-taxable","15":"purchasable","16":"product-type-variable","17":"has-default-attributes"},"aioseo_notices":[],"uagb_featured_image_src":{"full":["https:\/\/toodiva.shop\/wp-content\/uploads\/2025\/04\/custom900x1200_1049049.jpg",900,1200,false],"thumbnail":["https:\/\/toodiva.shop\/wp-content\/uploads\/2025\/04\/custom900x1200_1049049-150x150.jpg",150,150,true],"medium":["https:\/\/toodiva.shop\/wp-content\/uploads\/2025\/04\/custom900x1200_1049049-225x300.jpg",225,300,true],"medium_large":["https:\/\/toodiva.shop\/wp-content\/uploads\/2025\/04\/custom900x1200_1049049-768x1024.jpg",768,1024,true],"large":["https:\/\/toodiva.shop\/wp-content\/uploads\/2025\/04\/custom900x1200_1049049-768x1024.jpg",768,1024,true],"1536x1536":["https:\/\/toodiva.shop\/wp-content\/uploads\/2025\/04\/custom900x1200_1049049.jpg",900,1200,false],"2048x2048":["https:\/\/toodiva.shop\/wp-content\/uploads\/2025\/04\/custom900x1200_1049049.jpg",900,1200,false],"woocommerce_thumbnail":["https:\/\/toodiva.shop\/wp-content\/uploads\/2025\/04\/custom900x1200_1049049-300x400.jpg",300,400,true],"woocommerce_single":["https:\/\/toodiva.shop\/wp-content\/uploads\/2025\/04\/custom900x1200_1049049-600x800.jpg",600,800,true],"woocommerce_gallery_thumbnail":["https:\/\/toodiva.shop\/wp-content\/uploads\/2025\/04\/custom900x1200_1049049-100x100.jpg",100,100,true]},"uagb_author_info":{"display_name":"Too Diva","author_link":"https:\/\/toodiva.shop\/es\/author\/"},"uagb_comment_info":0,"uagb_excerpt":"Cotton 100 % SizeHipsChestWaist 3690-94 cm88-92 cm68-72 cm3894-98 cm92-96 cm72-76 cm4098-102 cm96-100 cm76-80 cm42102-106 cm100-104 cm80-84 cm44106-110 cm104-108 cm84-88 cm","_links":{"self":[{"href":"https:\/\/toodiva.shop\/es\/wp-json\/wp\/v2\/product\/255166","targetHints":{"allow":["GET"]}}],"collection":[{"href":"https:\/\/toodiva.shop\/es\/wp-json\/wp\/v2\/product"}],"about":[{"href":"https:\/\/toodiva.shop\/es\/wp-json\/wp\/v2\/types\/product"}],"replies":[{"embeddable":true,"href":"https:\/\/toodiva.shop\/es\/wp-json\/wp\/v2\/comments?post=255166"}],"wp:featuredmedia":[{"embeddable":true,"href":"https:\/\/toodiva.shop\/es\/wp-json\/wp\/v2\/media\/255150"}],"wp:attachment":[{"href":"https:\/\/toodiva.shop\/es\/wp-json\/wp\/v2\/media?parent=255166"}],"wp:term":[{"taxonomy":"product_brand","embeddable":true,"href":"https:\/\/toodiva.shop\/es\/wp-json\/wp\/v2\/product_brand?post=255166"},{"taxonomy":"product_cat","embeddable":true,"href":"https:\/\/toodiva.shop\/es\/wp-json\/wp\/v2\/product_cat?post=255166"},{"taxonomy":"product_tag","embeddable":true,"href":"https:\/\/toodiva.shop\/es\/wp-json\/wp\/v2\/product_tag?post=255166"}],"curies":[{"name":"wp","href":"https:\/\/api.w.org\/{rel}","templated":true}]}}