{"id":234659,"date":"2025-04-29T18:36:08","date_gmt":"2025-04-29T18:36:08","guid":{"rendered":"https:\/\/toodiva.shop\/product\/buskin-boots-model-205787-solea\/"},"modified":"2025-04-30T08:13:04","modified_gmt":"2025-04-30T08:13:04","slug":"buskin-boots-model-205787-solea","status":"publish","type":"product","link":"https:\/\/toodiva.shop\/es\/product\/buskin-boots-model-205787-solea\/","title":{"rendered":"Buskin boots model 205787 Solea"},"content":{"rendered":"<p>Br\u0105zowe kozaki na koturnie Cascia z fr\u0119dzlami to idealna propozycja dla kobiet, kt\u00f3re ceni\u0105 sobie wygod\u0119 i modny wygl\u0105d. Wysoki obcas pi\u0119knie podkre\u015bla sylwetk\u0119, a dodatkowe fr\u0119dzle dodaj\u0105 butom charakteru. Kozaki maj\u0105 wsuwany design, co sprawia, \u017ce s\u0105 \u0142atwe w zak\u0142adaniu. Dodatkowo, s\u0105 ciep\u0142e i doskonale nadaj\u0105 si\u0119 na ch\u0142odniejsze dni, dzi\u0119ki czemu mo\u017cna czu\u0107 si\u0119 komfortowo i stylowo jednocze\u015bnie. Okr\u0105g\u0142y nosek dodaje butom uroku, a sk\u00f3ra ekologiczna zam gwarantuje trwa\u0142o\u015b\u0107 i wysok\u0105 jako\u015b\u0107. Kozaki Cascia to doskona\u0142e po\u0142\u0105czenie komfortu, stylu i przyst\u0119pnej ceny, kt\u00f3re zadowoli nawet najbardziej wymagaj\u0105ce kobiety.<\/p>\n","protected":false},"excerpt":{"rendered":"<div class='prod_data'>\n\t\t\t<strong>fabric<\/strong> Eco leather zam  <br \/><strong>Heel height<\/strong> 8 cm <\/p>\n<table class='prod_table table table-striped table-bordered table-hover table-responsive'>\n<thead>\n<tr>\n<th>Size<\/th>\n<th>Insole lenght<\/th>\n<\/tr>\n<\/thead>\n<tr>\n<td><b>36<\/b><\/td>\n<td align='right'>23 cm<\/td>\n<\/tr>\n<tr>\n<td><b>37<\/b><\/td>\n<td align='right'>24 cm<\/td>\n<\/tr>\n<tr>\n<td><b>38<\/b><\/td>\n<td align='right'>24.5 cm<\/td>\n<\/tr>\n<tr>\n<td><b>39<\/b><\/td>\n<td align='right'>25 cm<\/td>\n<\/tr>\n<tr>\n<td><b>40<\/b><\/td>\n<td align='right'>25.5 cm<\/td>\n<\/tr>\n<tr>\n<td><b>41<\/b><\/td>\n<td align='right'>26.5 cm<\/td>\n<\/tr>\n<\/table><\/div>\n","protected":false},"featured_media":234615,"comment_status":"open","ping_status":"closed","template":"","meta":{"om_disable_all_campaigns":false,"_uag_custom_page_level_css":"","site-sidebar-layout":"default","site-content-layout":"","ast-site-content-layout":"default","site-content-style":"default","site-sidebar-style":"default","ast-global-header-display":"","ast-banner-title-visibility":"","ast-main-header-display":"","ast-hfb-above-header-display":"","ast-hfb-below-header-display":"","ast-hfb-mobile-header-display":"","site-post-title":"","ast-breadcrumbs-content":"","ast-featured-img":"","footer-sml-layout":"","ast-disable-related-posts":"","theme-transparent-header-meta":"","adv-header-id-meta":"","stick-header-meta":"","header-above-stick-meta":"","header-main-stick-meta":"","header-below-stick-meta":"","astra-migrate-meta-layouts":"default","ast-page-background-enabled":"default","ast-page-background-meta":{"desktop":{"background-color":"var(--ast-global-color-4)","background-image":"","background-repeat":"repeat","background-position":"center center","background-size":"auto","background-attachment":"scroll","background-type":"","background-media":"","overlay-type":"","overlay-color":"","overlay-opacity":"","overlay-gradient":""},"tablet":{"background-color":"","background-image":"","background-repeat":"repeat","background-position":"center center","background-size":"auto","background-attachment":"scroll","background-type":"","background-media":"","overlay-type":"","overlay-color":"","overlay-opacity":"","overlay-gradient":""},"mobile":{"background-color":"","background-image":"","background-repeat":"repeat","background-position":"center center","background-size":"auto","background-attachment":"scroll","background-type":"","background-media":"","overlay-type":"","overlay-color":"","overlay-opacity":"","overlay-gradient":""}},"ast-content-background-meta":{"desktop":{"background-color":"var(--ast-global-color-5)","background-image":"","background-repeat":"repeat","background-position":"center center","background-size":"auto","background-attachment":"scroll","background-type":"","background-media":"","overlay-type":"","overlay-color":"","overlay-opacity":"","overlay-gradient":""},"tablet":{"background-color":"var(--ast-global-color-5)","background-image":"","background-repeat":"repeat","background-position":"center center","background-size":"auto","background-attachment":"scroll","background-type":"","background-media":"","overlay-type":"","overlay-color":"","overlay-opacity":"","overlay-gradient":""},"mobile":{"background-color":"var(--ast-global-color-5)","background-image":"","background-repeat":"repeat","background-position":"center center","background-size":"auto","background-attachment":"scroll","background-type":"","background-media":"","overlay-type":"","overlay-color":"","overlay-opacity":"","overlay-gradient":""}}},"product_brand":[],"product_cat":[215],"product_tag":[],"class_list":{"0":"post-234659","1":"product","2":"type-product","3":"status-publish","4":"has-post-thumbnail","6":"product_cat-sandals-flip-flops-for-women","7":"desktop-align-left","8":"tablet-align-left","9":"mobile-align-left","11":"first","12":"instock","13":"taxable","14":"shipping-taxable","15":"purchasable","16":"product-type-variable","17":"has-default-attributes"},"aioseo_notices":[],"uagb_featured_image_src":{"full":["https:\/\/toodiva.shop\/wp-content\/uploads\/2025\/04\/custom900x1200_1055282.jpg",900,1200,false],"thumbnail":["https:\/\/toodiva.shop\/wp-content\/uploads\/2025\/04\/custom900x1200_1055282-150x150.jpg",150,150,true],"medium":["https:\/\/toodiva.shop\/wp-content\/uploads\/2025\/04\/custom900x1200_1055282-225x300.jpg",225,300,true],"medium_large":["https:\/\/toodiva.shop\/wp-content\/uploads\/2025\/04\/custom900x1200_1055282-768x1024.jpg",768,1024,true],"large":["https:\/\/toodiva.shop\/wp-content\/uploads\/2025\/04\/custom900x1200_1055282-768x1024.jpg",768,1024,true],"1536x1536":["https:\/\/toodiva.shop\/wp-content\/uploads\/2025\/04\/custom900x1200_1055282.jpg",900,1200,false],"2048x2048":["https:\/\/toodiva.shop\/wp-content\/uploads\/2025\/04\/custom900x1200_1055282.jpg",900,1200,false],"woocommerce_thumbnail":["https:\/\/toodiva.shop\/wp-content\/uploads\/2025\/04\/custom900x1200_1055282-300x400.jpg",300,400,true],"woocommerce_single":["https:\/\/toodiva.shop\/wp-content\/uploads\/2025\/04\/custom900x1200_1055282-600x800.jpg",600,800,true],"woocommerce_gallery_thumbnail":["https:\/\/toodiva.shop\/wp-content\/uploads\/2025\/04\/custom900x1200_1055282-100x100.jpg",100,100,true]},"uagb_author_info":{"display_name":"Too Diva","author_link":"https:\/\/toodiva.shop\/es\/author\/"},"uagb_comment_info":0,"uagb_excerpt":"fabric Eco leather zam Heel height 8 cm SizeInsole lenght 3623 cm3724 cm3824.5 cm3925 cm4025.5 cm4126.5 cm","_links":{"self":[{"href":"https:\/\/toodiva.shop\/es\/wp-json\/wp\/v2\/product\/234659","targetHints":{"allow":["GET"]}}],"collection":[{"href":"https:\/\/toodiva.shop\/es\/wp-json\/wp\/v2\/product"}],"about":[{"href":"https:\/\/toodiva.shop\/es\/wp-json\/wp\/v2\/types\/product"}],"replies":[{"embeddable":true,"href":"https:\/\/toodiva.shop\/es\/wp-json\/wp\/v2\/comments?post=234659"}],"wp:featuredmedia":[{"embeddable":true,"href":"https:\/\/toodiva.shop\/es\/wp-json\/wp\/v2\/media\/234615"}],"wp:attachment":[{"href":"https:\/\/toodiva.shop\/es\/wp-json\/wp\/v2\/media?parent=234659"}],"wp:term":[{"taxonomy":"product_brand","embeddable":true,"href":"https:\/\/toodiva.shop\/es\/wp-json\/wp\/v2\/product_brand?post=234659"},{"taxonomy":"product_cat","embeddable":true,"href":"https:\/\/toodiva.shop\/es\/wp-json\/wp\/v2\/product_cat?post=234659"},{"taxonomy":"product_tag","embeddable":true,"href":"https:\/\/toodiva.shop\/es\/wp-json\/wp\/v2\/product_tag?post=234659"}],"curies":[{"name":"wp","href":"https:\/\/api.w.org\/{rel}","templated":true}]}}