{"id":255334,"date":"2025-04-29T21:10:40","date_gmt":"2025-04-29T21:10:40","guid":{"rendered":"https:\/\/toodiva.shop\/product\/pyjama-model-203662-henderson\/"},"modified":"2025-04-30T15:24:19","modified_gmt":"2025-04-30T15:24:19","slug":"pyjama-model-203662-henderson","status":"publish","type":"product","link":"https:\/\/toodiva.shop\/de\/product\/pyjama-model-203662-henderson\/","title":{"rendered":"Pyjama model 203662 Henderson"},"content":{"rendered":"<p>Jeste\u015b fanem \u015bwi\u0105tecznego klimatu i rozgl\u0105dasz si\u0119 za wygodnym setem do spania, kt\u00f3ry wprowadzi Ci\u0119 w wyj\u0105tkowy nastr\u00f3j? Wybierz dwucz\u0119\u015bciow\u0105 pi\u017cam\u0119 m\u0119sk\u0105 Honest. Zestaw sk\u0142ada si\u0119 z czerwonej bluzki z d\u0142ugim r\u0119kawem i spodni w krat\u0119. Ca\u0142o\u015b\u0107 zosta\u0142a uszyta z mi\u0119kkiej bawe\u0142ny. D\u00f3\u0142 od pi\u017camy zosta\u0142 wyko\u0144czony szerok\u0105 gum\u0105 w pasie z czerwonymi troczkami oraz \u015bci\u0105gaczami przy nogawkach.<\/p>\n<p>Wymiary:<br \/>\nRozmiar M: Klatka 94-98 cm, biodra 98-102 cm<br \/>\nRozmiar L: Klatka 98-102 cm, biodra 102-106 cm<br \/>\nRozmiar XL: Klatka 102-106 cm, biodra 106-110 cm<br \/>\nRozmiar XXL: Klatka 106-110 cm, biodra 110-114 cm<br \/>\nRozmiar XXXL: Klatka 114-120 cm, biodra 114-118 cm<\/p>\n","protected":false},"excerpt":{"rendered":"<div class='prod_data'>\n\t\t\t<strong>Cotton<\/strong> 100 % \n\t\t<\/div>\n","protected":false},"featured_media":255319,"comment_status":"open","ping_status":"closed","template":"","meta":{"om_disable_all_campaigns":false,"_uag_custom_page_level_css":"","site-sidebar-layout":"default","site-content-layout":"","ast-site-content-layout":"default","site-content-style":"default","site-sidebar-style":"default","ast-global-header-display":"","ast-banner-title-visibility":"","ast-main-header-display":"","ast-hfb-above-header-display":"","ast-hfb-below-header-display":"","ast-hfb-mobile-header-display":"","site-post-title":"","ast-breadcrumbs-content":"","ast-featured-img":"","footer-sml-layout":"","ast-disable-related-posts":"","theme-transparent-header-meta":"","adv-header-id-meta":"","stick-header-meta":"","header-above-stick-meta":"","header-main-stick-meta":"","header-below-stick-meta":"","astra-migrate-meta-layouts":"default","ast-page-background-enabled":"default","ast-page-background-meta":{"desktop":{"background-color":"var(--ast-global-color-4)","background-image":"","background-repeat":"repeat","background-position":"center center","background-size":"auto","background-attachment":"scroll","background-type":"","background-media":"","overlay-type":"","overlay-color":"","overlay-opacity":"","overlay-gradient":""},"tablet":{"background-color":"","background-image":"","background-repeat":"repeat","background-position":"center center","background-size":"auto","background-attachment":"scroll","background-type":"","background-media":"","overlay-type":"","overlay-color":"","overlay-opacity":"","overlay-gradient":""},"mobile":{"background-color":"","background-image":"","background-repeat":"repeat","background-position":"center center","background-size":"auto","background-attachment":"scroll","background-type":"","background-media":"","overlay-type":"","overlay-color":"","overlay-opacity":"","overlay-gradient":""}},"ast-content-background-meta":{"desktop":{"background-color":"var(--ast-global-color-5)","background-image":"","background-repeat":"repeat","background-position":"center center","background-size":"auto","background-attachment":"scroll","background-type":"","background-media":"","overlay-type":"","overlay-color":"","overlay-opacity":"","overlay-gradient":""},"tablet":{"background-color":"var(--ast-global-color-5)","background-image":"","background-repeat":"repeat","background-position":"center center","background-size":"auto","background-attachment":"scroll","background-type":"","background-media":"","overlay-type":"","overlay-color":"","overlay-opacity":"","overlay-gradient":""},"mobile":{"background-color":"var(--ast-global-color-5)","background-image":"","background-repeat":"repeat","background-position":"center center","background-size":"auto","background-attachment":"scroll","background-type":"","background-media":"","overlay-type":"","overlay-color":"","overlay-opacity":"","overlay-gradient":""}}},"product_brand":[],"product_cat":[295],"product_tag":[],"class_list":{"0":"post-255334","1":"product","2":"type-product","3":"status-publish","4":"has-post-thumbnail","6":"product_cat-womens-pyjamas-sleepwear-sets","7":"desktop-align-left","8":"tablet-align-left","9":"mobile-align-left","11":"first","12":"instock","13":"taxable","14":"shipping-taxable","15":"purchasable","16":"product-type-variable","17":"has-default-attributes"},"aioseo_notices":[],"uagb_featured_image_src":{"full":["https:\/\/toodiva.shop\/wp-content\/uploads\/2025\/04\/custom900x1200_1049627.jpg",900,1200,false],"thumbnail":["https:\/\/toodiva.shop\/wp-content\/uploads\/2025\/04\/custom900x1200_1049627-150x150.jpg",150,150,true],"medium":["https:\/\/toodiva.shop\/wp-content\/uploads\/2025\/04\/custom900x1200_1049627-225x300.jpg",225,300,true],"medium_large":["https:\/\/toodiva.shop\/wp-content\/uploads\/2025\/04\/custom900x1200_1049627-768x1024.jpg",768,1024,true],"large":["https:\/\/toodiva.shop\/wp-content\/uploads\/2025\/04\/custom900x1200_1049627-768x1024.jpg",768,1024,true],"1536x1536":["https:\/\/toodiva.shop\/wp-content\/uploads\/2025\/04\/custom900x1200_1049627.jpg",900,1200,false],"2048x2048":["https:\/\/toodiva.shop\/wp-content\/uploads\/2025\/04\/custom900x1200_1049627.jpg",900,1200,false],"woocommerce_thumbnail":["https:\/\/toodiva.shop\/wp-content\/uploads\/2025\/04\/custom900x1200_1049627-300x400.jpg",300,400,true],"woocommerce_single":["https:\/\/toodiva.shop\/wp-content\/uploads\/2025\/04\/custom900x1200_1049627-600x800.jpg",600,800,true],"woocommerce_gallery_thumbnail":["https:\/\/toodiva.shop\/wp-content\/uploads\/2025\/04\/custom900x1200_1049627-100x100.jpg",100,100,true]},"uagb_author_info":{"display_name":"Too Diva","author_link":"https:\/\/toodiva.shop\/de\/author\/"},"uagb_comment_info":0,"uagb_excerpt":"Cotton 100 %","_links":{"self":[{"href":"https:\/\/toodiva.shop\/de\/wp-json\/wp\/v2\/product\/255334","targetHints":{"allow":["GET"]}}],"collection":[{"href":"https:\/\/toodiva.shop\/de\/wp-json\/wp\/v2\/product"}],"about":[{"href":"https:\/\/toodiva.shop\/de\/wp-json\/wp\/v2\/types\/product"}],"replies":[{"embeddable":true,"href":"https:\/\/toodiva.shop\/de\/wp-json\/wp\/v2\/comments?post=255334"}],"wp:featuredmedia":[{"embeddable":true,"href":"https:\/\/toodiva.shop\/de\/wp-json\/wp\/v2\/media\/255319"}],"wp:attachment":[{"href":"https:\/\/toodiva.shop\/de\/wp-json\/wp\/v2\/media?parent=255334"}],"wp:term":[{"taxonomy":"product_brand","embeddable":true,"href":"https:\/\/toodiva.shop\/de\/wp-json\/wp\/v2\/product_brand?post=255334"},{"taxonomy":"product_cat","embeddable":true,"href":"https:\/\/toodiva.shop\/de\/wp-json\/wp\/v2\/product_cat?post=255334"},{"taxonomy":"product_tag","embeddable":true,"href":"https:\/\/toodiva.shop\/de\/wp-json\/wp\/v2\/product_tag?post=255334"}],"curies":[{"name":"wp","href":"https:\/\/api.w.org\/{rel}","templated":true}]}}